{"id":523,"date":"2024-04-22T20:05:15","date_gmt":"2024-04-22T17:05:15","guid":{"rendered":"https:\/\/www.oulunkeilailuliitto.fi\/?page_id=523"},"modified":"2026-02-27T15:31:08","modified_gmt":"2026-02-27T13:31:08","slug":"okl-ry","status":"publish","type":"page","link":"https:\/\/www.oulunkeilailuliitto.fi\/?page_id=523","title":{"rendered":"OKL Ry"},"content":{"rendered":"\t\t<div data-elementor-type=\"wp-page\" data-elementor-id=\"523\" class=\"elementor elementor-523\">\n\t\t\t\t<div class=\"elementor-element elementor-element-a3b1f67 e-flex e-con-boxed e-con e-parent\" data-id=\"a3b1f67\" data-element_type=\"container\">\n\t\t\t\t\t<div class=\"e-con-inner\">\n\t\t\t\t<div class=\"elementor-element elementor-element-f657dfc elementor-widget elementor-widget-text-editor\" data-id=\"f657dfc\" data-element_type=\"widget\" data-widget_type=\"text-editor.default\">\n\t\t\t\t<div class=\"elementor-widget-container\">\n\t\t\t\t\t\t\t\t\t<p><strong>Oulun Keilailuliitto Ry<\/strong><br \/>Isokatu 97,\u00a090120 OULU<br \/><strong>s-posti:<\/strong>\u00a0<span id=\"cloak05c054607634670a87f97bd19f17137e\"><a href=\"mailto:oulun.keilailuliitto@outlook.com\">oulun.keilailuliitto@outlook.com<\/a><\/span><\/p>\t\t\t\t\t\t\t\t<\/div>\n\t\t\t\t<\/div>\n\t\t\t\t\t<\/div>\n\t\t\t\t<\/div>\n\t\t<div class=\"elementor-element elementor-element-421a1d4 e-flex e-con-boxed e-con e-parent\" data-id=\"421a1d4\" data-element_type=\"container\">\n\t\t\t\t\t<div class=\"e-con-inner\">\n\t\t\t\t<div class=\"elementor-element elementor-element-38b0a0d elementor-widget elementor-widget-text-editor\" data-id=\"38b0a0d\" data-element_type=\"widget\" data-widget_type=\"text-editor.default\">\n\t\t\t\t<div class=\"elementor-widget-container\">\n\t\t\t\t\t\t\t\t\t<p><strong>Puheenjohtaja:<br \/><\/strong>Mika Saarikivi, puh. 040-7050227, s-posti: <span id=\"cloaka8d6f8ed8064fe248385546d0e56a980\"><a href=\"mailto:laskutus@oulunkeilailuliitto.fi\">laskutus@oulunkeilailuliitto.fi<\/a><\/span><\/p><p><strong>Varapuheenjohtaja:<br \/><\/strong>Heikki Ik\u00e4heimo, puh. 041-5068390, s-posti:<\/p><p><strong>Sihteeri:\u00a0<br \/><\/strong>P\u00e4ivi Tajakka,\u00a0puh.\u00a0040-7511224,\u00a0s-posti:\u00a0<span id=\"cloak787c343ff27673c9df163a3d6958a63d\"><a href=\"mailto:ptajakka@gmail.com\">ptajakka@gmail.com<\/a><\/span><\/p><p><strong>Rahastonhoitaja:\u00a0<br \/><\/strong>Mika Saarikivi, puh. 040-7050227,\u00a0s-posti:\u00a0<span id=\"cloaka8d6f8ed8064fe248385546d0e56a980\"><a href=\"mailto:laskutus@oulunkeilailuliitto.fi\">laskutus@oulunkeilailuliitto.fi<\/a><\/span><\/p><p><strong>Hallituksen j\u00e4senet:<br \/><\/strong>Mika Saarikivi <strong>2025-2026<\/strong>, Jari Kumpulainen\u00a0<strong>2024-2027<\/strong>,<br \/>P\u00e4ivi Tajakka\u00a0<strong>2025-2028<\/strong>, Pekka Vartiainen <strong>2023-2026<\/strong>,<br \/>Tomi Matila\u00a0<strong>2023-2026<\/strong>, Heikki Ik\u00e4heimo\u00a0<strong>2024-2027<\/strong>, Kari-Pekka Rytilahti\u00a0<strong>2024-2027<\/strong>,<br \/>Esa Rantala\u00a0<strong>2025-2028, &#8212;<\/strong><\/p><p><strong>Kilpailuvaliokunta:\u00a0<span id=\"cloakc595fb20f42f327f282c74a5e01ef598\"><a href=\"mailto:kilpailut@oulunkeilailuliitto.fi\">kilpailut@oulunkeilailuliitto.fi<\/a><\/span>\u00a0<br \/><\/strong>Esa Rantala, puh. 040-8245326,\u00a0s-posti:\u00a0<span id=\"cloak074ff9d8624e4ffb93843ddc05710c82\"><a href=\"mailto:f_gump88@hotmail.com\">f_gump88@hotmail.com<\/a><\/span>\u00a0,\u00a0<br \/>Ossi Kauppi, puh. 044-0707657, s-posti:\u00a0<span id=\"cloak5795ab9b750d6f9366781f470777fcd9\"><a href=\"mailto:ossi.kauppi@gmail.com\">ossi.kauppi@gmail.com<\/a><\/span><\/p><p><strong>Liittovalmentaja\u00a0\/ kouluttaja\u00a0\/\u00a0junioritoiminta:<\/strong>\u00a0<br \/>Esa Rantala, s-posti:\u00a0<span id=\"cloakb884e598ed45b2ddc393f6d64234b549\"><a href=\"mailto:f_gump88@hotmail.com\">f_gump88@hotmail.com<\/a><\/span>\u00a0,<br \/>Masa Ruonala, s-posti:\u00a0<span id=\"cloakd48291e021d61902c7ef99344dddb23a\"><a href=\"mailto:masa.ruonala@vr.fi\">masa.ruonala@vr.fi<\/a><\/span><\/p><p><strong>Tulospalvelu SKL:n sivuille:<br \/><\/strong><strong>Hein\u00e4p\u00e4\u00e4:<\/strong> Ossi Kauppi, Seppo Rajala<br \/><strong>Bowling Alppila:<\/strong>\u00a0Halli\u00a0 \u00a0\u00a0<br \/><strong>Boulis Kempele:<\/strong>\u00a0Halli<\/p>\t\t\t\t\t\t\t\t<\/div>\n\t\t\t\t<\/div>\n\t\t\t\t\t<\/div>\n\t\t\t\t<\/div>\n\t\t<div class=\"elementor-element elementor-element-0a45fbc e-flex e-con-boxed e-con e-parent\" data-id=\"0a45fbc\" data-element_type=\"container\">\n\t\t\t\t\t<div class=\"e-con-inner\">\n\t\t\t\t<div class=\"elementor-element elementor-element-369ac96 elementor-widget elementor-widget-text-editor\" data-id=\"369ac96\" data-element_type=\"widget\" data-widget_type=\"text-editor.default\">\n\t\t\t\t<div class=\"elementor-widget-container\">\n\t\t\t\t\t\t\t\t\t<p><strong>Oulun Keilailuliiton\u00a0\u00a0<a href=\"https:\/\/www.oulunkeilailuliitto.fi\/wp-content\/uploads\/2025\/02\/OKLn-Toimihenkilot-v.1957-alkaen.pdf\">toimihenkil\u00f6t vuodesta 1957 alkaen<\/a><\/strong><\/p><p><strong>Oulun\u00a0keilailun\u00a0\u00a0<a href=\"https:\/\/www.oulunkeilailuliitto.fi\/wp-content\/uploads\/2025\/02\/Oulun-keilailun-historiaa.pdf\">historiaa\u00a0vuodesta 1957 alkaen<\/a><\/strong><\/p>\t\t\t\t\t\t\t\t<\/div>\n\t\t\t\t<\/div>\n\t\t\t\t\t<\/div>\n\t\t\t\t<\/div>\n\t\t\t\t<\/div>\n\t\t","protected":false},"excerpt":{"rendered":"<p>Oulun Keilailuliitto RyIsokatu 97,\u00a090120 OULUs-posti:\u00a0oulun.keilailuliitto@outlook.com Puheenjohtaja:Mika Saarikivi, puh. 040-7050227, s-posti: laskutus@oulunkeilailuliitto.fi Varapuheenjohtaja:Heikki Ik\u00e4heimo, puh. 041-5068390, s-posti: Sihteeri:\u00a0P\u00e4ivi Tajakka,\u00a0puh.\u00a0040-7511224,\u00a0s-posti:\u00a0ptajakka@gmail.com Rahastonhoitaja:\u00a0Mika Saarikivi, puh. 040-7050227,\u00a0s-posti:\u00a0laskutus@oulunkeilailuliitto.fi Hallituksen j\u00e4senet:Mika Saarikivi 2025-2026, Jari Kumpulainen\u00a02024-2027,P\u00e4ivi Tajakka\u00a02025-2028, Pekka Vartiainen 2023-2026,Tomi Matila\u00a02023-2026, Heikki Ik\u00e4heimo\u00a02024-2027, Kari-Pekka Rytilahti\u00a02024-2027,Esa Rantala\u00a02025-2028, &#8212; Kilpailuvaliokunta:\u00a0kilpailut@oulunkeilailuliitto.fi\u00a0Esa Rantala, puh. 040-8245326,\u00a0s-posti:\u00a0f_gump88@hotmail.com\u00a0,\u00a0Ossi Kauppi, puh. 044-0707657, s-posti:\u00a0ossi.kauppi@gmail.com Liittovalmentaja\u00a0\/ kouluttaja\u00a0\/\u00a0junioritoiminta:\u00a0Esa Rantala, s-posti:\u00a0f_gump88@hotmail.com\u00a0,Masa Ruonala, s-posti:\u00a0masa.ruonala@vr.fi Tulospalvelu SKL:n &#8230; <a title=\"OKL Ry\" class=\"read-more\" href=\"https:\/\/www.oulunkeilailuliitto.fi\/?page_id=523\" aria-label=\"Lue lis\u00e4\u00e4 aiheesta OKL Ry\">Lue lis\u00e4\u00e4<\/a><\/p>\n","protected":false},"author":1,"featured_media":0,"parent":0,"menu_order":0,"comment_status":"closed","ping_status":"closed","template":"","meta":{"footnotes":""},"class_list":["post-523","page","type-page","status-publish"],"_links":{"self":[{"href":"https:\/\/www.oulunkeilailuliitto.fi\/index.php?rest_route=\/wp\/v2\/pages\/523","targetHints":{"allow":["GET"]}}],"collection":[{"href":"https:\/\/www.oulunkeilailuliitto.fi\/index.php?rest_route=\/wp\/v2\/pages"}],"about":[{"href":"https:\/\/www.oulunkeilailuliitto.fi\/index.php?rest_route=\/wp\/v2\/types\/page"}],"author":[{"embeddable":true,"href":"https:\/\/www.oulunkeilailuliitto.fi\/index.php?rest_route=\/wp\/v2\/users\/1"}],"replies":[{"embeddable":true,"href":"https:\/\/www.oulunkeilailuliitto.fi\/index.php?rest_route=%2Fwp%2Fv2%2Fcomments&post=523"}],"version-history":[{"count":28,"href":"https:\/\/www.oulunkeilailuliitto.fi\/index.php?rest_route=\/wp\/v2\/pages\/523\/revisions"}],"predecessor-version":[{"id":4529,"href":"https:\/\/www.oulunkeilailuliitto.fi\/index.php?rest_route=\/wp\/v2\/pages\/523\/revisions\/4529"}],"wp:attachment":[{"href":"https:\/\/www.oulunkeilailuliitto.fi\/index.php?rest_route=%2Fwp%2Fv2%2Fmedia&parent=523"}],"curies":[{"name":"wp","href":"https:\/\/api.w.org\/{rel}","templated":true}]}}